{"id":270,"date":"2023-08-24T16:17:19","date_gmt":"2023-08-24T14:17:19","guid":{"rendered":"https:\/\/bba.joomswers.com\/?page_id=270"},"modified":"2023-08-28T12:32:16","modified_gmt":"2023-08-28T10:32:16","slug":"ivaylo-borisov","status":"publish","type":"page","link":"https:\/\/bba.rs\/bg\/ivaylo-borisov\/","title":{"rendered":"\u0418\u0432\u0430\u0439\u043b\u043e \u0411\u043e\u0440\u0438\u0441\u043e\u0432"},"content":{"rendered":"<div data-elementor-type=\"wp-page\" data-elementor-id=\"270\" class=\"elementor elementor-270\" data-elementor-post-type=\"page\">\n\t\t\t\t\t\t<section class=\"elementor-section elementor-top-section elementor-element elementor-element-62563fc elementor-section-boxed elementor-section-height-default elementor-section-height-default\" data-id=\"62563fc\" data-element_type=\"section\">\n\t\t\t\t\t\t<div class=\"elementor-container elementor-column-gap-default\">\n\t\t\t\t\t<div class=\"elementor-column elementor-col-100 elementor-top-column elementor-element elementor-element-290da33\" data-id=\"290da33\" data-element_type=\"column\">\n\t\t\t<div class=\"elementor-widget-wrap elementor-element-populated\">\n\t\t\t\t\t\t<div class=\"elementor-element elementor-element-2b57cba elementor-widget elementor-widget-heading\" data-id=\"2b57cba\" data-element_type=\"widget\" data-widget_type=\"heading.default\">\n\t\t\t\t<div class=\"elementor-widget-container\">\n\t\t\t<style>\/*! elementor - v3.20.0 - 26-03-2024 *\/\n.elementor-heading-title{padding:0;margin:0;line-height:1}.elementor-widget-heading .elementor-heading-title[class*=elementor-size-]>a{color:inherit;font-size:inherit;line-height:inherit}.elementor-widget-heading .elementor-heading-title.elementor-size-small{font-size:15px}.elementor-widget-heading .elementor-heading-title.elementor-size-medium{font-size:19px}.elementor-widget-heading .elementor-heading-title.elementor-size-large{font-size:29px}.elementor-widget-heading .elementor-heading-title.elementor-size-xl{font-size:39px}.elementor-widget-heading .elementor-heading-title.elementor-size-xxl{font-size:59px}<\/style><h1 class=\"elementor-heading-title elementor-size-default\">\u0418\u0432\u0430\u0439\u043b\u043e \u0411\u043e\u0440\u0438\u0441\u043e\u0432<\/h1>\t\t<\/div>\n\t\t\t\t<\/div>\n\t\t\t\t\t<\/div>\n\t\t<\/div>\n\t\t\t\t\t<\/div>\n\t\t<\/section>\n\t\t\t\t<section class=\"elementor-section elementor-top-section elementor-element elementor-element-2d1397a elementor-section-boxed elementor-section-height-default elementor-section-height-default\" data-id=\"2d1397a\" data-element_type=\"section\">\n\t\t\t\t\t\t<div class=\"elementor-container elementor-column-gap-default\">\n\t\t\t\t\t<div class=\"elementor-column elementor-col-50 elementor-top-column elementor-element elementor-element-84340db\" data-id=\"84340db\" data-element_type=\"column\">\n\t\t\t<div class=\"elementor-widget-wrap elementor-element-populated\">\n\t\t\t\t\t\t<div class=\"elementor-element elementor-element-59b52ae elementor-widget elementor-widget-image\" data-id=\"59b52ae\" data-element_type=\"widget\" data-widget_type=\"image.default\">\n\t\t\t\t<div class=\"elementor-widget-container\">\n\t\t\t<style>\/*! elementor - v3.20.0 - 26-03-2024 *\/\n.elementor-widget-image{text-align:center}.elementor-widget-image a{display:inline-block}.elementor-widget-image a img[src$=\".svg\"]{width:48px}.elementor-widget-image img{vertical-align:middle;display:inline-block}<\/style>\t\t\t\t\t\t\t\t\t\t<img fetchpriority=\"high\" decoding=\"async\" width=\"460\" height=\"460\" src=\"https:\/\/bba.rs\/wp-content\/uploads\/2023\/08\/IvayloBorisov.jpg\" class=\"attachment-large size-large wp-image-272\" alt=\"\" srcset=\"https:\/\/bba.rs\/wp-content\/uploads\/2023\/08\/IvayloBorisov.jpg 460w, https:\/\/bba.rs\/wp-content\/uploads\/2023\/08\/IvayloBorisov-300x300.jpg 300w, https:\/\/bba.rs\/wp-content\/uploads\/2023\/08\/IvayloBorisov-150x150.jpg 150w\" sizes=\"(max-width: 460px) 100vw, 460px\" \/>\t\t\t\t\t\t\t\t\t\t\t\t\t<\/div>\n\t\t\t\t<\/div>\n\t\t\t\t\t<\/div>\n\t\t<\/div>\n\t\t\t\t<div class=\"elementor-column elementor-col-50 elementor-top-column elementor-element elementor-element-6cb8f45\" data-id=\"6cb8f45\" data-element_type=\"column\">\n\t\t\t<div class=\"elementor-widget-wrap elementor-element-populated\">\n\t\t\t\t\t\t<div class=\"elementor-element elementor-element-d6ef929 elementor-widget elementor-widget-text-editor\" data-id=\"d6ef929\" data-element_type=\"widget\" data-widget_type=\"text-editor.default\">\n\t\t\t\t<div class=\"elementor-widget-container\">\n\t\t\t<style>\/*! elementor - v3.20.0 - 26-03-2024 *\/\n.elementor-widget-text-editor.elementor-drop-cap-view-stacked .elementor-drop-cap{background-color:#69727d;color:#fff}.elementor-widget-text-editor.elementor-drop-cap-view-framed .elementor-drop-cap{color:#69727d;border:3px solid;background-color:transparent}.elementor-widget-text-editor:not(.elementor-drop-cap-view-default) .elementor-drop-cap{margin-top:8px}.elementor-widget-text-editor:not(.elementor-drop-cap-view-default) .elementor-drop-cap-letter{width:1em;height:1em}.elementor-widget-text-editor .elementor-drop-cap{float:left;text-align:center;line-height:1;font-size:50px}.elementor-widget-text-editor .elementor-drop-cap-letter{display:inline-block}<\/style>\t\t\t\t<p style=\"text-align: justify;\">\u0418\u0432\u0430\u0439\u043b\u043e \u0411\u043e\u0440\u0438\u0441\u043e\u0432 \u0435 \u0433\u043b\u0430\u0432\u0435\u043d \u0438\u0437\u043f\u044a\u043b\u043d\u0438\u0442\u0435\u043b\u0435\u043d \u0434\u0438\u0440\u0435\u043a\u0442\u043e\u0440 \u043d\u0430 \"\u0415\u0432\u0440\u043e\u043c\u0430\u0440\u043a\u0435\u0442 \u0433\u0440\u0443\u043f\" - \u043d\u0430\u0439-\u0433\u043e\u043b\u0435\u043c\u0438\u044f\u0442 \u0431\u044a\u043b\u0433\u0430\u0440\u0441\u043a\u0438 \u0445\u043e\u043b\u0434\u0438\u043d\u0433 \u0437\u0430 \u043f\u0440\u043e\u0434\u0430\u0436\u0431\u0430 \u0438 \u0441\u0435\u0440\u0432\u0438\u0437 \u043d\u0430 \u0438\u043d\u0434\u0443\u0441\u0442\u0440\u0438\u0430\u043b\u043d\u043e \u043e\u0431\u043e\u0440\u0443\u0434\u0432\u0430\u043d\u0435 \u0438 \u0441\u0442\u0440\u043e\u0438\u0442\u0435\u043b\u043d\u0438 \u043c\u0430\u0448\u0438\u043d\u0438. \u0420\u043e\u0434\u0435\u043d \u0435 \u043d\u0430 8 \u044e\u043d\u0438 1972 \u0433. \u0432 \u0421\u043e\u0444\u0438\u044f. \u0418\u043c\u0430 \u0432\u0438\u0441\u0448\u0435 \u043e\u0431\u0440\u0430\u0437\u043e\u0432\u0430\u043d\u0438\u0435 \u043f\u043e \u043c\u0435\u0436\u0434\u0443\u043d\u0430\u0440\u043e\u0434\u043d\u0438 \u0438\u043a\u043e\u043d\u043e\u043c\u0438\u0447\u0435\u0441\u043a\u0438 \u043e\u0442\u043d\u043e\u0448\u0435\u043d\u0438\u044f \u0432 \u0423\u041d\u0421\u0421 \u0421\u043e\u0444\u0438\u044f. \u0417\u0430\u043f\u043e\u0447\u0432\u0430 \u0440\u0430\u0431\u043e\u0442\u0430 \u0432 \u0415\u0432\u0440\u043e\u043c\u0430\u0440\u043a\u0435\u0442 \u0413\u0440\u0443\u043f \u043f\u0440\u0435\u0437 1997 \u0433. \u043a\u0430\u0442\u043e \u0442\u044a\u0440\u0433\u043e\u0432\u0441\u043a\u0438 \u0441\u043f\u0435\u0446\u0438\u0430\u043b\u0438\u0441\u0442 \u0432 \u043d\u0430\u043f\u0440\u0430\u0432\u043b\u0435\u043d\u0438\u0435 \u201e\u0417\u0430\u0432\u0430\u0440\u044f\u0432\u0430\u043d\u0435 \u0438 \u0441\u043f\u0435\u0446\u0438\u0430\u043b\u0438\u0437\u0438\u0440\u0430\u043d\u0430 \u0442\u0435\u0445\u043d\u0438\u043a\u0430\u201d. \u041e\u0442 2000 \u0433. \u0436\u0438\u0432\u0435\u0435 \u0438 \u0440\u0430\u0431\u043e\u0442\u0438 \u0432 \u0411\u0435\u043b\u0433\u0440\u0430\u0434, \u041b\u044e\u0431\u043b\u044f\u043d\u0430 \u0438 \u0417\u0430\u0433\u0440\u0435\u0431 \u043a\u0430\u0442\u043e \u0438\u0437\u043f\u044a\u043b\u043d\u0438\u0442\u0435\u043b\u0435\u043d \u0434\u0438\u0440\u0435\u043a\u0442\u043e\u0440 \u043d\u0430 \u043a\u043b\u043e\u043d\u043e\u0432\u0435\u0442\u0435 \u043d\u0430 \u0415\u0432\u0440\u043e\u043c\u0430\u0440\u043a\u0435\u0442 \u0433\u0440\u0443\u043f \u0432 \u0421\u044a\u0440\u0431\u0438\u044f, \u0421\u043b\u043e\u0432\u0435\u043d\u0438\u044f \u0438 \u0425\u044a\u0440\u0432\u0430\u0442\u0438\u044f. \u041e\u0442 2008 \u0433. \u0435 \u0438 \u0438\u0437\u043f\u044a\u043b\u043d\u0438\u0442\u0435\u043b\u0435\u043d \u0434\u0438\u0440\u0435\u043a\u0442\u043e\u0440 \u043d\u0430 \u0415\u0432\u0440\u043e\u043c\u0430\u0440\u043a\u0435\u0442 \u0413\u0440\u0443\u043f. \u041f\u0440\u0435\u0437 2012 \u0438 2013 \u0433. \u0435 \u043f\u0440\u0435\u0434\u0441\u0442\u0430\u0432\u0435\u043d \u0432 \u043f\u0440\u0435\u0441\u0442\u0438\u0436\u043d\u0438\u044f \u043a\u043e\u043d\u043a\u0443\u0440\u0441 \u201e\u041c\u0435\u043d\u0438\u0434\u0436\u044a\u0440 \u043d\u0430 \u0433\u043e\u0434\u0438\u043d\u0430\u0442\u0430\u201d \u0438 \u0435 \u0441\u0440\u0435\u0434 10-\u0442\u0435 \u043d\u0430\u0439-\u0434\u043e\u0431\u0440\u0438 \u043c\u0435\u043d\u0438\u0434\u0436\u044a\u0440\u0438 \u043d\u0430 \u0411\u044a\u043b\u0433\u0430\u0440\u0438\u044f. \u0412\u043b\u0430\u0434\u0435\u0435 \u0430\u043d\u0433\u043b\u0438\u0439\u0441\u043a\u0438, \u0438\u0441\u043f\u0430\u043d\u0441\u043a\u0438, \u0440\u0443\u0441\u043a\u0438, \u0441\u0440\u044a\u0431\u0441\u043a\u0438 \u0438 \u0445\u044a\u0440\u0432\u0430\u0442\u0441\u043a\u0438. \u0416\u0435\u043d\u0435\u043d \u0435 \u0438 \u0438\u043c\u0430 \u0441\u0438\u043d.<\/p>\t\t\t\t\t\t<\/div>\n\t\t\t\t<\/div>\n\t\t\t\t\t<\/div>\n\t\t<\/div>\n\t\t\t\t\t<\/div>\n\t\t<\/section>\n\t\t\t\t<\/div>","protected":false},"excerpt":{"rendered":"<p>Ivaylo Borisov Ivaylo Borisov je generalni direktor &#8222;Euromarket Group&#8220; &#8211; najvec\u0301eg bugarskog holdinga za prodaju i servis industrijske opreme i gra\u0111evinskih ma\u0161ina. Ro\u0111en je 8. juna 1972. godine u Sofiji. Ima visoko obrazovanje iz me\u0111unarodnih ekonomskih odnosa na UNWE Sofija. U Euromarket Group je po\u010deo da radi 1997. godine kao prodajni specijalista u oblasti &#8222;Zavarivanje [&hellip;]<\/p>","protected":false},"author":1,"featured_media":0,"parent":0,"menu_order":0,"comment_status":"closed","ping_status":"closed","template":"","meta":{"_acf_changed":false,"footnotes":""},"class_list":["post-270","page","type-page","status-publish","hentry"],"acf":[],"_links":{"self":[{"href":"https:\/\/bba.rs\/bg\/wp-json\/wp\/v2\/pages\/270","targetHints":{"allow":["GET"]}}],"collection":[{"href":"https:\/\/bba.rs\/bg\/wp-json\/wp\/v2\/pages"}],"about":[{"href":"https:\/\/bba.rs\/bg\/wp-json\/wp\/v2\/types\/page"}],"author":[{"embeddable":true,"href":"https:\/\/bba.rs\/bg\/wp-json\/wp\/v2\/users\/1"}],"replies":[{"embeddable":true,"href":"https:\/\/bba.rs\/bg\/wp-json\/wp\/v2\/comments?post=270"}],"version-history":[{"count":7,"href":"https:\/\/bba.rs\/bg\/wp-json\/wp\/v2\/pages\/270\/revisions"}],"predecessor-version":[{"id":288,"href":"https:\/\/bba.rs\/bg\/wp-json\/wp\/v2\/pages\/270\/revisions\/288"}],"wp:attachment":[{"href":"https:\/\/bba.rs\/bg\/wp-json\/wp\/v2\/media?parent=270"}],"curies":[{"name":"wp","href":"https:\/\/api.w.org\/{rel}","templated":true}]}}