{"id":8,"date":"2023-08-21T13:36:18","date_gmt":"2023-08-21T11:36:18","guid":{"rendered":"https:\/\/bba.joomswers.com\/?page_id=8"},"modified":"2024-02-23T18:11:46","modified_gmt":"2024-02-23T17:11:46","slug":"naslovna","status":"publish","type":"page","link":"https:\/\/bba.rs\/bg\/","title":{"rendered":"Naslovna"},"content":{"rendered":"<div data-elementor-type=\"wp-post\" data-elementor-id=\"8\" class=\"elementor elementor-8\" data-elementor-post-type=\"page\">\n\t\t\t\t\t\t<section class=\"elementor-section elementor-top-section elementor-element elementor-element-e61e82d elementor-section-height-min-height elementor-section-boxed elementor-section-height-default elementor-section-items-middle\" data-id=\"e61e82d\" data-element_type=\"section\" data-settings=\"{&quot;background_background&quot;:&quot;classic&quot;}\">\n\t\t\t\t\t\t\t<div class=\"elementor-background-overlay\"><\/div>\n\t\t\t\t\t\t\t<div class=\"elementor-container elementor-column-gap-default\">\n\t\t\t\t\t<div class=\"elementor-column elementor-col-100 elementor-top-column elementor-element elementor-element-2d978b3\" data-id=\"2d978b3\" data-element_type=\"column\">\n\t\t\t<div class=\"elementor-widget-wrap elementor-element-populated\">\n\t\t\t\t\t\t<div class=\"elementor-element elementor-element-5fdfd0e elementor-widget elementor-widget-heading\" data-id=\"5fdfd0e\" data-element_type=\"widget\" data-widget_type=\"heading.default\">\n\t\t\t\t<div class=\"elementor-widget-container\">\n\t\t\t<style>\/*! elementor - v3.20.0 - 26-03-2024 *\/\n.elementor-heading-title{padding:0;margin:0;line-height:1}.elementor-widget-heading .elementor-heading-title[class*=elementor-size-]>a{color:inherit;font-size:inherit;line-height:inherit}.elementor-widget-heading .elementor-heading-title.elementor-size-small{font-size:15px}.elementor-widget-heading .elementor-heading-title.elementor-size-medium{font-size:19px}.elementor-widget-heading .elementor-heading-title.elementor-size-large{font-size:29px}.elementor-widget-heading .elementor-heading-title.elementor-size-xl{font-size:39px}.elementor-widget-heading .elementor-heading-title.elementor-size-xxl{font-size:59px}<\/style><h1 class=\"elementor-heading-title elementor-size-default\">\u0411\u042a\u041b\u0413\u0410\u0420\u0421\u041a\u0410<br>\u0411\u0418\u0417\u041d\u0415\u0421 \u0410\u0421\u041e\u0426\u0418\u0410\u0426\u0418\u042f<br>\u0411\u0411\u0410<\/h1>\t\t<\/div>\n\t\t\t\t<\/div>\n\t\t\t\t\t<\/div>\n\t\t<\/div>\n\t\t\t\t\t<\/div>\n\t\t<\/section>\n\t\t\t\t<section class=\"elementor-section elementor-top-section elementor-element elementor-element-ae470c9 elementor-section-content-middle elementor-section-boxed elementor-section-height-default elementor-section-height-default\" data-id=\"ae470c9\" data-element_type=\"section\">\n\t\t\t\t\t\t<div class=\"elementor-container elementor-column-gap-default\">\n\t\t\t\t\t<div class=\"elementor-column elementor-col-50 elementor-top-column elementor-element elementor-element-989139f\" data-id=\"989139f\" data-element_type=\"column\">\n\t\t\t<div class=\"elementor-widget-wrap elementor-element-populated\">\n\t\t\t\t\t\t<div class=\"elementor-element elementor-element-6c3638b elementor-widget elementor-widget-heading\" data-id=\"6c3638b\" data-element_type=\"widget\" data-widget_type=\"heading.default\">\n\t\t\t\t<div class=\"elementor-widget-container\">\n\t\t\t<h2 class=\"elementor-heading-title elementor-size-default\">\u041d\u0430\u0441\u044a\u0440\u0447\u0430\u0432\u0430\u043c\u0435 \u0431\u0438\u0437\u043d\u0435\u0441 \u0434\u0435\u0439\u043d\u043e\u0441\u0442\u0438\u0442\u0435 \u043d\u0430 \u043d\u0430\u0448\u0438\u0442\u0435 \u0447\u043b\u0435\u043d\u043e\u0432\u0435<\/h2>\t\t<\/div>\n\t\t\t\t<\/div>\n\t\t\t\t<div class=\"elementor-element elementor-element-919e6a7 elementor-widget elementor-widget-text-editor\" data-id=\"919e6a7\" data-element_type=\"widget\" data-widget_type=\"text-editor.default\">\n\t\t\t\t<div class=\"elementor-widget-container\">\n\t\t\t<style>\/*! elementor - v3.20.0 - 26-03-2024 *\/\n.elementor-widget-text-editor.elementor-drop-cap-view-stacked .elementor-drop-cap{background-color:#69727d;color:#fff}.elementor-widget-text-editor.elementor-drop-cap-view-framed .elementor-drop-cap{color:#69727d;border:3px solid;background-color:transparent}.elementor-widget-text-editor:not(.elementor-drop-cap-view-default) .elementor-drop-cap{margin-top:8px}.elementor-widget-text-editor:not(.elementor-drop-cap-view-default) .elementor-drop-cap-letter{width:1em;height:1em}.elementor-widget-text-editor .elementor-drop-cap{float:left;text-align:center;line-height:1;font-size:50px}.elementor-widget-text-editor .elementor-drop-cap-letter{display:inline-block}<\/style>\t\t\t\t<p style=\"text-align: justify;\">\u041d\u0438\u0435 \u0441\u043c\u0435 \u043d\u0435\u043f\u0440\u0430\u0432\u0438\u0442\u0435\u043b\u0441\u0442\u0432\u0435\u043d\u0430 \u043e\u0440\u0433\u0430\u043d\u0438\u0437\u0430\u0446\u0438\u044f \u0441 \u043d\u0435\u0441\u0442\u043e\u043f\u0430\u043d\u0441\u043a\u0430 \u0446\u0435\u043b \u043d\u0430 \u0431\u044a\u043b\u0433\u0430\u0440\u0441\u043a\u0438\u044f \u0431\u0438\u0437\u043d\u0435\u0441 \u0432 \u0421\u044a\u0440\u0431\u0438\u044f. \u041a\u043e\u043c\u043f\u0430\u043d\u0438\u0438\u0442\u0435 \u0447\u043b\u0435\u043d\u043a\u0438 \u043d\u0430 \u043d\u0430\u0448\u0430\u0442\u0430 \u0410\u0441\u043e\u0446\u0438\u0430\u0446\u0438\u044f \u043f\u0440\u0435\u0434\u0441\u0442\u0430\u0432\u043b\u044f\u0432\u0430\u0442 \u0432 \u0448\u0438\u0440\u043e\u043a \u0441\u043c\u0438\u0441\u044a\u043b \u0431\u044a\u043b\u0433\u0430\u0440\u0441\u043a\u0438\u0442\u0435 \u0438\u043a\u043e\u043d\u043e\u043c\u0438\u0447\u0435\u0441\u043a\u0438 \u0438\u043d\u0442\u0435\u0440\u0435\u0441\u0438 \u0432 \u0421\u044a\u0440\u0431\u0438\u044f. \u041d\u0430\u0448\u0430\u0442\u0430 \u043e\u0441\u043d\u043e\u0432\u043d\u0430 \u043c\u0438\u0441\u0438\u044f \u0435 \u0434\u0430 \u0441\u0431\u043b\u0438\u0436\u0438\u043c \u0431\u044a\u043b\u0433\u0430\u0440\u0441\u043a\u0438\u044f \u0438 \u0441\u0440\u044a\u0431\u0441\u043a\u0438\u044f \u043f\u0430\u0437\u0430\u0440 \u043a\u0430\u0442\u043e \u0443\u043a\u0440\u0435\u043f\u0432\u0430\u043c\u0435 \u0438\u043a\u043e\u043d\u043e\u043c\u0438\u0447\u0435\u0441\u043a\u0438\u0442\u0435 \u043e\u0442\u043d\u043e\u0448\u0435\u043d\u0438\u044f \u043d\u0430 \u0434\u0432\u0435\u0442\u0435 \u0434\u044a\u0440\u0436\u0430\u0432\u0438, \u043e\u0441\u043d\u043e\u0432\u0430\u043d\u0438 \u043d\u0430 \u043f\u0440\u0438\u044f\u0442\u0435\u043b\u0441\u0442\u0432\u043e, \u0441\u044a\u0442\u0440\u0443\u0434\u043d\u0438\u0447\u0435\u0441\u0442\u0432\u043e \u0438 \u043f\u0430\u0440\u0442\u043d\u044c\u043e\u0440\u0441\u0442\u0432\u043e. \u041e\u0440\u0433\u0430\u043d\u0438\u0437\u0430\u0446\u0438\u044f\u0442\u0430 \u043e\u0441\u044a\u0449\u0435\u0441\u0442\u0432\u044f\u0432\u0430 \u0434\u0435\u0439\u043d\u043e\u0441\u0442\u0442\u0430 \u0441\u0438 \u0441 \u043f\u043e\u0434\u043a\u0440\u0435\u043f\u0430\u0442\u0430 \u043d\u0430 \u041f\u043e\u0441\u043e\u043b\u0441\u0442\u0432\u043e\u0442\u043e \u043d\u0430 \u0420 \u0411\u044a\u043b\u0433\u0430\u0440\u0438\u044f \u0432 \u0421\u044a\u0440\u0431\u0438\u044f \u0438 \u043d\u0430 \u0421\u0422\u0418\u0412 \u043a\u044a\u043c \u041f\u043e\u0441\u043e\u043b\u0441\u0442\u0432\u043e\u0442\u043e \u043d\u0430 \u0420 \u0411\u044a\u043b\u0433\u0430\u0440\u0438\u044f \u0432 \u0411\u0435\u043b\u0433\u0440\u0430\u0434.<\/p>\t\t\t\t\t\t<\/div>\n\t\t\t\t<\/div>\n\t\t\t\t<div class=\"elementor-element elementor-element-a816ce2 elementor-widget elementor-widget-button\" data-id=\"a816ce2\" data-element_type=\"widget\" data-widget_type=\"button.default\">\n\t\t\t\t<div class=\"elementor-widget-container\">\n\t\t\t\t\t<div class=\"elementor-button-wrapper\">\n\t\t\t<a class=\"elementor-button elementor-button-link elementor-size-sm\" href=\"https:\/\/bba.rs\/bg\/postani-clan\/\">\n\t\t\t\t\t\t<span class=\"elementor-button-content-wrapper\">\n\t\t\t\t\t\t<span class=\"elementor-button-text\">\u041f\u0440\u0438\u0441\u044a\u0435\u0434\u0438\u043d\u0435\u0442\u0435 \u0441\u0435 \u043a\u044a\u043c \u0411\u0411\u0410<\/span>\n\t\t<\/span>\n\t\t\t\t\t<\/a>\n\t\t<\/div>\n\t\t\t\t<\/div>\n\t\t\t\t<\/div>\n\t\t\t\t\t<\/div>\n\t\t<\/div>\n\t\t\t\t<div class=\"elementor-column elementor-col-50 elementor-top-column elementor-element elementor-element-991b7b4\" data-id=\"991b7b4\" data-element_type=\"column\">\n\t\t\t<div class=\"elementor-widget-wrap elementor-element-populated\">\n\t\t\t\t\t\t<div class=\"elementor-element elementor-element-66c2ace elementor-widget elementor-widget-image\" data-id=\"66c2ace\" data-element_type=\"widget\" data-widget_type=\"image.default\">\n\t\t\t\t<div class=\"elementor-widget-container\">\n\t\t\t<style>\/*! elementor - v3.20.0 - 26-03-2024 *\/\n.elementor-widget-image{text-align:center}.elementor-widget-image a{display:inline-block}.elementor-widget-image a img[src$=\".svg\"]{width:48px}.elementor-widget-image img{vertical-align:middle;display:inline-block}<\/style>\t\t\t\t\t\t\t\t\t\t<img fetchpriority=\"high\" decoding=\"async\" width=\"800\" height=\"502\" src=\"https:\/\/bba.rs\/wp-content\/uploads\/2023\/08\/mi-pomazemo-nasim-clanovima.png\" class=\"attachment-large size-large wp-image-75\" alt=\"\" srcset=\"https:\/\/bba.rs\/wp-content\/uploads\/2023\/08\/mi-pomazemo-nasim-clanovima.png 922w, https:\/\/bba.rs\/wp-content\/uploads\/2023\/08\/mi-pomazemo-nasim-clanovima-300x188.png 300w, https:\/\/bba.rs\/wp-content\/uploads\/2023\/08\/mi-pomazemo-nasim-clanovima-768x482.png 768w\" sizes=\"(max-width: 800px) 100vw, 800px\" \/>\t\t\t\t\t\t\t\t\t\t\t\t\t<\/div>\n\t\t\t\t<\/div>\n\t\t\t\t\t<\/div>\n\t\t<\/div>\n\t\t\t\t\t<\/div>\n\t\t<\/section>\n\t\t\t\t<section class=\"elementor-section elementor-top-section elementor-element elementor-element-b41e76e elementor-section-content-middle elementor-section-boxed elementor-section-height-default elementor-section-height-default\" data-id=\"b41e76e\" data-element_type=\"section\">\n\t\t\t\t\t\t<div class=\"elementor-container elementor-column-gap-default\">\n\t\t\t\t\t<div class=\"elementor-column elementor-col-50 elementor-top-column elementor-element elementor-element-2617a30\" data-id=\"2617a30\" data-element_type=\"column\">\n\t\t\t<div class=\"elementor-widget-wrap elementor-element-populated\">\n\t\t\t\t\t\t<div class=\"elementor-element elementor-element-e4a654d elementor-grid-1 elementor-grid-tablet-2 elementor-grid-mobile-1 elementor-posts--thumbnail-top elementor-widget elementor-widget-posts\" data-id=\"e4a654d\" data-element_type=\"widget\" data-settings=\"{&quot;classic_columns&quot;:&quot;1&quot;,&quot;classic_columns_tablet&quot;:&quot;2&quot;,&quot;classic_columns_mobile&quot;:&quot;1&quot;,&quot;classic_row_gap&quot;:{&quot;unit&quot;:&quot;px&quot;,&quot;size&quot;:35,&quot;sizes&quot;:[]},&quot;classic_row_gap_laptop&quot;:{&quot;unit&quot;:&quot;px&quot;,&quot;size&quot;:&quot;&quot;,&quot;sizes&quot;:[]},&quot;classic_row_gap_tablet&quot;:{&quot;unit&quot;:&quot;px&quot;,&quot;size&quot;:&quot;&quot;,&quot;sizes&quot;:[]},&quot;classic_row_gap_mobile&quot;:{&quot;unit&quot;:&quot;px&quot;,&quot;size&quot;:&quot;&quot;,&quot;sizes&quot;:[]}}\" data-widget_type=\"posts.classic\">\n\t\t\t\t<div class=\"elementor-widget-container\">\n\t\t\t<link rel=\"stylesheet\" href=\"https:\/\/bba.rs\/wp-content\/plugins\/elementor-pro\/assets\/css\/widget-posts.min.css\">\t\t<div class=\"elementor-posts-container elementor-posts elementor-posts--skin-classic elementor-grid\">\n\t\t\t\t<article class=\"elementor-post elementor-grid-item post-480 post type-post status-publish format-standard has-post-thumbnail hentry category-vesti-i-dogadjaji\">\n\t\t\t\t<a class=\"elementor-post__thumbnail__link\" href=\"https:\/\/bba.rs\/bg\/udruzenje-bugarskih-privrednika-u-srbiji-sa-svojim-standom-na-jesenjem-sajmu-tehnike-u-plovdivu\/\" tabindex=\"-1\" >\n\t\t\t<div class=\"elementor-post__thumbnail\"><img decoding=\"async\" width=\"768\" height=\"385\" src=\"https:\/\/bba.rs\/wp-content\/uploads\/2024\/10\/1-plovdiv-768x385.jpg\" class=\"attachment-medium_large size-medium_large wp-image-481\" alt=\"\" srcset=\"https:\/\/bba.rs\/wp-content\/uploads\/2024\/10\/1-plovdiv-768x385.jpg 768w, https:\/\/bba.rs\/wp-content\/uploads\/2024\/10\/1-plovdiv-300x150.jpg 300w, https:\/\/bba.rs\/wp-content\/uploads\/2024\/10\/1-plovdiv-1024x513.jpg 1024w, https:\/\/bba.rs\/wp-content\/uploads\/2024\/10\/1-plovdiv-18x9.jpg 18w, https:\/\/bba.rs\/wp-content\/uploads\/2024\/10\/1-plovdiv.jpg 1400w\" sizes=\"(max-width: 768px) 100vw, 768px\" \/><\/div>\n\t\t<\/a>\n\t\t\t\t<div class=\"elementor-post__text\">\n\t\t\t\t<\/div>\n\t\t\t\t<\/article>\n\t\t\t\t<\/div>\n\t\t\n\t\t\t\t<\/div>\n\t\t\t\t<\/div>\n\t\t\t\t\t<\/div>\n\t\t<\/div>\n\t\t\t\t<div class=\"elementor-column elementor-col-50 elementor-top-column elementor-element elementor-element-20bfa8e\" data-id=\"20bfa8e\" data-element_type=\"column\">\n\t\t\t<div class=\"elementor-widget-wrap elementor-element-populated\">\n\t\t\t\t\t\t<div class=\"elementor-element elementor-element-50cb563 elementor-grid-1 elementor-posts--thumbnail-none elementor-grid-tablet-2 elementor-grid-mobile-1 elementor-widget elementor-widget-posts\" data-id=\"50cb563\" data-element_type=\"widget\" data-settings=\"{&quot;classic_columns&quot;:&quot;1&quot;,&quot;classic_columns_tablet&quot;:&quot;2&quot;,&quot;classic_columns_mobile&quot;:&quot;1&quot;,&quot;classic_row_gap&quot;:{&quot;unit&quot;:&quot;px&quot;,&quot;size&quot;:35,&quot;sizes&quot;:[]},&quot;classic_row_gap_laptop&quot;:{&quot;unit&quot;:&quot;px&quot;,&quot;size&quot;:&quot;&quot;,&quot;sizes&quot;:[]},&quot;classic_row_gap_tablet&quot;:{&quot;unit&quot;:&quot;px&quot;,&quot;size&quot;:&quot;&quot;,&quot;sizes&quot;:[]},&quot;classic_row_gap_mobile&quot;:{&quot;unit&quot;:&quot;px&quot;,&quot;size&quot;:&quot;&quot;,&quot;sizes&quot;:[]}}\" data-widget_type=\"posts.classic\">\n\t\t\t\t<div class=\"elementor-widget-container\">\n\t\t\t\t\t<div class=\"elementor-posts-container elementor-posts elementor-posts--skin-classic elementor-grid\">\n\t\t\t\t<article class=\"elementor-post elementor-grid-item post-480 post type-post status-publish format-standard has-post-thumbnail hentry category-vesti-i-dogadjaji\">\n\t\t\t\t<div class=\"elementor-post__text\">\n\t\t\t\t<h3 class=\"elementor-post__title\">\n\t\t\t<a href=\"https:\/\/bba.rs\/bg\/udruzenje-bugarskih-privrednika-u-srbiji-sa-svojim-standom-na-jesenjem-sajmu-tehnike-u-plovdivu\/\" >\n\t\t\t\t\u0411\u044a\u043b\u0433\u0430\u0440\u0441\u043a\u0430\u0442\u0430 \u0411\u0438\u0437\u043d\u0435\u0441 \u0410\u0441\u043e\u0446\u0438\u0430\u0446\u0438\u044f \u0432 \u0421\u044a\u0440\u0431\u0438\u044f \u0441\u044a\u0441 \u0441\u0432\u043e\u0439 \u0449\u0430\u043d\u0434 \u043d\u0430 \u0415\u0441\u0435\u043d\u043d\u0438\u044f\u0442 \u0442\u0435\u0445\u043d\u0438\u0447\u0435\u0441\u043a\u0438 \u043f\u0430\u043d\u0430\u0438\u0440 \u0432 \u041f\u043b\u043e\u0432\u0434\u0438\u0432\t\t\t<\/a>\n\t\t<\/h3>\n\t\t\n\t\t<a class=\"elementor-post__read-more\" href=\"https:\/\/bba.rs\/bg\/udruzenje-bugarskih-privrednika-u-srbiji-sa-svojim-standom-na-jesenjem-sajmu-tehnike-u-plovdivu\/\" aria-label=\"Read more about Udru\u017eenje bugarskih privrednika u Srbiji sa svojim \u0161tandom na Jesenjem sajmu tehnike u Plovdivu\" tabindex=\"-1\" >\n\t\t\tPro\u010ditaj vi\u0161e\t\t<\/a>\n\n\t\t\t\t<\/div>\n\t\t\t\t<\/article>\n\t\t\t\t<\/div>\n\t\t\n\t\t\t\t<\/div>\n\t\t\t\t<\/div>\n\t\t\t\t\t<\/div>\n\t\t<\/div>\n\t\t\t\t\t<\/div>\n\t\t<\/section>\n\t\t\t\t<\/div>","protected":false},"excerpt":{"rendered":"<p>Udru\u017eenjebugarskih privrednikaBBA Podsti\u010demo poslovne aktivnosti svojih \u010dlanova Mi smo nevladina neprofitna organizacija bugarskog biznisa u Srbiji. Kompanije \u010dlanice na\u0161eg Udru\u017eenja, predstavljaju, u \u0161irem smislu , bugarske ekonomske interese u Srbiji. Na\u0161a osnovna misija je pribli\u017eavanje bugarskog i srpskog tr\u017ei\u0161ta, ja\u010danjem<\/p>","protected":false},"author":1,"featured_media":0,"parent":0,"menu_order":0,"comment_status":"closed","ping_status":"closed","template":"","meta":{"_acf_changed":false,"footnotes":""},"class_list":["post-8","page","type-page","status-publish","hentry"],"acf":[],"_links":{"self":[{"href":"https:\/\/bba.rs\/bg\/wp-json\/wp\/v2\/pages\/8","targetHints":{"allow":["GET"]}}],"collection":[{"href":"https:\/\/bba.rs\/bg\/wp-json\/wp\/v2\/pages"}],"about":[{"href":"https:\/\/bba.rs\/bg\/wp-json\/wp\/v2\/types\/page"}],"author":[{"embeddable":true,"href":"https:\/\/bba.rs\/bg\/wp-json\/wp\/v2\/users\/1"}],"replies":[{"embeddable":true,"href":"https:\/\/bba.rs\/bg\/wp-json\/wp\/v2\/comments?post=8"}],"version-history":[{"count":89,"href":"https:\/\/bba.rs\/bg\/wp-json\/wp\/v2\/pages\/8\/revisions"}],"predecessor-version":[{"id":413,"href":"https:\/\/bba.rs\/bg\/wp-json\/wp\/v2\/pages\/8\/revisions\/413"}],"wp:attachment":[{"href":"https:\/\/bba.rs\/bg\/wp-json\/wp\/v2\/media?parent=8"}],"curies":[{"name":"wp","href":"https:\/\/api.w.org\/{rel}","templated":true}]}}